{"id":14114,"date":"2012-02-19T13:56:16","date_gmt":"2012-02-19T13:56:16","guid":{"rendered":"http:\/\/www.pisoskoni.com\/?page_id=14114"},"modified":"2026-04-27T11:30:57","modified_gmt":"2026-04-27T11:30:57","slug":"sants-hostafrancs","status":"publish","type":"page","link":"https:\/\/pisoskoni.com\/?page_id=14114","title":{"rendered":"Sants Hostafrancs &#8211; 2631"},"content":{"rendered":"<p>Piso situado en Sants, junto al metro de Hostafrancs y a escasos minutos de Pl.Espanya.<\/p>\n<h3><strong>Loft de 30m\u00b2 con balc\u00f3n soleado, c\u00e9ntrico y tranquilo.<\/strong><\/h3>\n<p><strong>SAL\u00d3N<\/strong>\u00a0comedor con balc\u00f3n.<\/p>\n<p><strong>COCINA<\/strong>\u00a0americana totalmente equipada.<\/p>\n<p><strong>BA\u00d1O<\/strong>\u00a04 piezas con ba\u00f1era.<\/p>\n<p><strong>BALC\u00d3N<\/strong>\u00a0exterior soleado.<\/p>\n<p><strong>RECIBIDOR<\/strong><\/p>\n<p>&nbsp;<\/p>\n<h3><strong>EQUIPAMIENTO PISO \u00a0<\/strong><\/h3>\n<p>Aire acondicionado y bomba de calor.<\/p>\n<p>El suelo de parket.<\/p>\n<p>Carpinter\u00eda de aluminio con doble cristal.<\/p>\n<p>Puerta de seguridad, video portero, antena TDT.<\/p>\n<p>Semi-amueblado<\/p>\n<h3><strong>ELECTRODOM\u00c9STICOS<\/strong><\/h3>\n<p>Nevera, vitrocer\u00e1mica (4 fuegos), lavadora, horno, termo el\u00e9ctrico, campana extractora.<\/p>\n<h3><strong>EQUIPAMIENTO FINCA\u00a0<\/strong><\/h3>\n<p>Finca regia del 1900 con rehabilitaci\u00f3n integral en el 2003 en calle semi-peatonal.<\/p>\n<p>Ascensor. Pocos vecinos.<\/p>\n<h3><strong>ORIENTACI\u00d3N\u00a0<\/strong><\/h3>\n<p>Mar<\/p>\n<h3><strong>ESTADO GENERAL<\/strong><\/h3>\n<p>Excelente<\/p>\n<p>&nbsp;<\/p>\n<h3><strong>TRANSPORTES P\u00daBLICOS<\/strong><\/h3>\n<p>Metro L1 Hostafrancs \/ L1 y L5 Pla\u00e7a de Sants \/ L3 Tarragona<\/p>\n<p>Tren en Sants Estarci\u00f3<\/p>\n<p>Autob\u00fas\u00a0 30 \/ 26 \/ 57 \/ 153 \/ 157 \/ N2 \/ N14<\/p>\n<p>&nbsp;<\/p>\n<h3><strong>ZONA<\/strong><\/h3>\n<p>Las ventajas de alojarse en apartamentos en Hostafrancs son:<\/p>\n<p>Se encuentra ubicado muy cerca de la estaci\u00f3n de trenes Sants Estaci\u00f3, de donde salen trenes para muchos destinos en Catalu\u00f1a, Espa\u00f1a y Europa.<\/p>\n<p>Est\u00e1 muy cerca de la Plaza Espa\u00f1a.<\/p>\n<p>Si te gusta ir de compras, el barrio de Hostafrancs es un importante centro comercial abierto, con muchos comercios variados, especialmente en el \u00e1rea de la Creu Coberta. Asimismo, Hostafrancs est\u00e1 muy cerca del recientemente inaugurado centro comercial Arenas de Barcelona, \u00a0instalado en las instalaciones de una antigua plaza de toros.<\/p>\n<p>Si te gustan los mercados, el Mercado de Hostafrancs (Calle Creu Coberta 93) ofrece productos frescos y de temporada.<\/p>\n","protected":false},"excerpt":{"rendered":"<p>Piso situado en Sants, junto al metro de Hostafrancs y a escasos minutos de Pl.Espanya. Loft de 30m\u00b2 con balc\u00f3n soleado, c\u00e9ntrico y tranquilo. SAL\u00d3N\u00a0comedor con balc\u00f3n. COCINA\u00a0americana totalmente equipada. BA\u00d1O\u00a04 piezas con ba\u00f1era. BALC\u00d3N\u00a0exterior soleado. RECIBIDOR &nbsp; EQUIPAMIENTO PISO &hellip; <a href=\"https:\/\/pisoskoni.com\/?page_id=14114\">Sigue leyendo <span class=\"meta-nav\">&rarr;<\/span><\/a><\/p>\n","protected":false},"author":1,"featured_media":0,"parent":0,"menu_order":23,"comment_status":"open","ping_status":"closed","template":"","meta":[],"_links":{"self":[{"href":"https:\/\/pisoskoni.com\/index.php?rest_route=\/wp\/v2\/pages\/14114"}],"collection":[{"href":"https:\/\/pisoskoni.com\/index.php?rest_route=\/wp\/v2\/pages"}],"about":[{"href":"https:\/\/pisoskoni.com\/index.php?rest_route=\/wp\/v2\/types\/page"}],"author":[{"embeddable":true,"href":"https:\/\/pisoskoni.com\/index.php?rest_route=\/wp\/v2\/users\/1"}],"replies":[{"embeddable":true,"href":"https:\/\/pisoskoni.com\/index.php?rest_route=%2Fwp%2Fv2%2Fcomments&post=14114"}],"version-history":[{"count":551,"href":"https:\/\/pisoskoni.com\/index.php?rest_route=\/wp\/v2\/pages\/14114\/revisions"}],"predecessor-version":[{"id":51554,"href":"https:\/\/pisoskoni.com\/index.php?rest_route=\/wp\/v2\/pages\/14114\/revisions\/51554"}],"wp:attachment":[{"href":"https:\/\/pisoskoni.com\/index.php?rest_route=%2Fwp%2Fv2%2Fmedia&parent=14114"}],"curies":[{"name":"wp","href":"https:\/\/api.w.org\/{rel}","templated":true}]}}