{"id":23454,"date":"2013-03-30T20:23:50","date_gmt":"2013-03-30T20:23:50","guid":{"rendered":"http:\/\/www.pisoskoni.com\/?page_id=23454"},"modified":"2026-03-03T12:09:54","modified_gmt":"2026-03-03T12:09:54","slug":"sants-estudio-2013","status":"publish","type":"page","link":"https:\/\/pisoskoni.com\/?page_id=23454","title":{"rendered":"HOSTAFRANCS &#8211; 2013"},"content":{"rendered":"<p>Piso situado en Sants, junto al metro de Hostafrancs y a escasos minutos de Pl.Espanya.<\/p>\n<h3><strong>Loft de <\/strong><strong>40m<\/strong><strong>\u00b2 con balc\u00f3n exterior, c\u00e9ntrico y tranquilo.<\/strong><\/h3>\n<p><strong>\u00a0<\/strong><\/p>\n<p><strong>SAL\u00d3N<\/strong> comedor con balc\u00f3n a calle.<\/p>\n<p><strong>COCINA<\/strong> americana totalmente equipada con nevera, vitrocer\u00e1mica (4 fuegos), lavadora, horno, termo el\u00e9ctrico, campana extractora.<\/p>\n<p><strong>BA\u00d1O<\/strong> 4 piezas con ba\u00f1era.<\/p>\n<p><strong>BALC\u00d3N<\/strong> exterior.<\/p>\n<p><strong>RECIBIDOR<\/strong><\/p>\n<p>&nbsp;<\/p>\n<h3><strong>EQUIPAMIENTO PISO <\/strong><\/h3>\n<p>Aire acondicionado y bomba de calor.<\/p>\n<p>El suelo de parket.<\/p>\n<p>Carpinter\u00eda de aluminio con doble cristal.<\/p>\n<p>Puerta de seguridad, video portero, antena TDT.<\/p>\n<p>Totalmente amueblado<\/p>\n<h3><strong>ELECTRODOMESTICOS <\/strong><\/h3>\n<p>Nevera, vitrocer\u00e1mica (4 fuegos), lavadora, horno, termo el\u00e9ctrico, campana extractora.<\/p>\n<h3><strong>EQUIPAMIENTO FINCA<\/strong><\/h3>\n<p>Finca regia del 1900 con rehabilitaci\u00f3n integral en el 2003 en calle semi-peatonal.<\/p>\n<p>Ascensor. Pocos vecinos.<\/p>\n<h3><strong>ORIENTACI\u00d3N <\/strong><strong>\u00a0<\/strong><\/h3>\n<p>Monta\u00f1a<\/p>\n<h3><strong>ESTADO GENERAL<\/strong><\/h3>\n<p>Excelente<\/p>\n<p>&nbsp;<\/p>\n<h3><strong>TRANSPORTES PUBLICOS<\/strong><\/h3>\n<p>Metro L1 Hostafrancs \/ L1 y L5 Pla\u00e7a de Sants \/ L3 Tarragona \/ FGC Plaza Espa\u00f1a<\/p>\n<p>Tren en Sants Estaci\u00f3<\/p>\n<p>Autob\u00fas\u00a0 52 \/ D20 \/ H10 \/ N2 \/ N14<\/p>\n<p>Bicing<\/p>\n","protected":false},"excerpt":{"rendered":"<p>Piso situado en Sants, junto al metro de Hostafrancs y a escasos minutos de Pl.Espanya. Loft de 40m\u00b2 con balc\u00f3n exterior, c\u00e9ntrico y tranquilo. \u00a0 SAL\u00d3N comedor con balc\u00f3n a calle. COCINA americana totalmente equipada con nevera, vitrocer\u00e1mica (4 fuegos), &hellip; <a href=\"https:\/\/pisoskoni.com\/?page_id=23454\">Sigue leyendo <span class=\"meta-nav\">&rarr;<\/span><\/a><\/p>\n","protected":false},"author":1,"featured_media":0,"parent":0,"menu_order":22,"comment_status":"open","ping_status":"closed","template":"","meta":[],"_links":{"self":[{"href":"https:\/\/pisoskoni.com\/index.php?rest_route=\/wp\/v2\/pages\/23454"}],"collection":[{"href":"https:\/\/pisoskoni.com\/index.php?rest_route=\/wp\/v2\/pages"}],"about":[{"href":"https:\/\/pisoskoni.com\/index.php?rest_route=\/wp\/v2\/types\/page"}],"author":[{"embeddable":true,"href":"https:\/\/pisoskoni.com\/index.php?rest_route=\/wp\/v2\/users\/1"}],"replies":[{"embeddable":true,"href":"https:\/\/pisoskoni.com\/index.php?rest_route=%2Fwp%2Fv2%2Fcomments&post=23454"}],"version-history":[{"count":91,"href":"https:\/\/pisoskoni.com\/index.php?rest_route=\/wp\/v2\/pages\/23454\/revisions"}],"predecessor-version":[{"id":51819,"href":"https:\/\/pisoskoni.com\/index.php?rest_route=\/wp\/v2\/pages\/23454\/revisions\/51819"}],"wp:attachment":[{"href":"https:\/\/pisoskoni.com\/index.php?rest_route=%2Fwp%2Fv2%2Fmedia&parent=23454"}],"curies":[{"name":"wp","href":"https:\/\/api.w.org\/{rel}","templated":true}]}}