{"id":313,"date":"2011-12-15T14:53:41","date_gmt":"2011-12-15T14:53:41","guid":{"rendered":"http:\/\/www.pisoskoni.com\/koni2011\/?page_id=313"},"modified":"2025-06-18T08:54:12","modified_gmt":"2025-06-18T08:54:12","slug":"estudio-junto-ramblas-cod-8733","status":"publish","type":"page","link":"https:\/\/pisoskoni.com\/?page_id=313","title":{"rendered":"DRASSANES &#8211; CERCA DE COL\u00d3N &#8211; 8733"},"content":{"rendered":"<p>Estudio situado justo metro de Drassanes, a 1 minuto de la Rambla.<\/p>\n<h3><strong>Estudio de 30m\u00b2 con balc\u00f3n exterior, c\u00e9ntrico, muy luminoso y tranquilo.<\/strong><\/h3>\n<p><strong>SAL\u00d3N<\/strong> comedor con balc\u00f3n a calle.<\/p>\n<p><strong>COCINA<\/strong> americana equipada.<\/p>\n<p><strong>BA\u00d1O<\/strong> 4 piezas con ba\u00f1era.<\/p>\n<p><strong>BALC\u00d3N<\/strong> exterior.<\/p>\n<h3><\/h3>\n<h3><strong>EQUIPAMIENTO PISO\u00a0<\/strong><\/h3>\n<p>Suelo de gres.<\/p>\n<h3><strong>ELECTRODOM\u00c9STICOS <\/strong><\/h3>\n<p>Nevera, lavadora, termo el\u00e9ctrico, campana extractora.<\/p>\n<h3><strong>EQUIPAMIENTO FINCA\u00a0<\/strong><\/h3>\n<p>Ascensor<\/p>\n<h3><strong>ORIENTACI\u00d3N\u00a0<\/strong><\/h3>\n<p>Mar<\/p>\n<h3><strong>ESTADO GENERAL<\/strong><\/h3>\n<p>Bueno<\/p>\n<h3><strong>TRANSPORTES P\u00daBLICOS<\/strong><\/h3>\n<p>Metro L3 Drassanes \/ L2 y L3 Paral\u00b7lel<\/p>\n<p>Tren en Pl. Catalunya<\/p>\n<p>Autob\u00fas\u00a0 14 \/ 20 \/ 36 \/ 38 \/ 57 \/ 59 \/ 64 \/ 91 \/ N0 \/ N6 \/ N12 \/ N15 \/ N9<\/p>\n<p>Bicing<\/p>\n","protected":false},"excerpt":{"rendered":"<p>Estudio situado justo metro de Drassanes, a 1 minuto de la Rambla. Estudio de 30m\u00b2 con balc\u00f3n exterior, c\u00e9ntrico, muy luminoso y tranquilo. SAL\u00d3N comedor con balc\u00f3n a calle. COCINA americana equipada. BA\u00d1O 4 piezas con ba\u00f1era. BALC\u00d3N exterior. EQUIPAMIENTO &hellip; <a href=\"https:\/\/pisoskoni.com\/?page_id=313\">Sigue leyendo <span class=\"meta-nav\">&rarr;<\/span><\/a><\/p>\n","protected":false},"author":1,"featured_media":0,"parent":0,"menu_order":199,"comment_status":"open","ping_status":"closed","template":"","meta":[],"_links":{"self":[{"href":"https:\/\/pisoskoni.com\/index.php?rest_route=\/wp\/v2\/pages\/313"}],"collection":[{"href":"https:\/\/pisoskoni.com\/index.php?rest_route=\/wp\/v2\/pages"}],"about":[{"href":"https:\/\/pisoskoni.com\/index.php?rest_route=\/wp\/v2\/types\/page"}],"author":[{"embeddable":true,"href":"https:\/\/pisoskoni.com\/index.php?rest_route=\/wp\/v2\/users\/1"}],"replies":[{"embeddable":true,"href":"https:\/\/pisoskoni.com\/index.php?rest_route=%2Fwp%2Fv2%2Fcomments&post=313"}],"version-history":[{"count":447,"href":"https:\/\/pisoskoni.com\/index.php?rest_route=\/wp\/v2\/pages\/313\/revisions"}],"predecessor-version":[{"id":51499,"href":"https:\/\/pisoskoni.com\/index.php?rest_route=\/wp\/v2\/pages\/313\/revisions\/51499"}],"wp:attachment":[{"href":"https:\/\/pisoskoni.com\/index.php?rest_route=%2Fwp%2Fv2%2Fmedia&parent=313"}],"curies":[{"name":"wp","href":"https:\/\/api.w.org\/{rel}","templated":true}]}}