{"id":46358,"date":"2014-01-29T12:56:10","date_gmt":"2014-01-29T12:56:10","guid":{"rendered":"http:\/\/www.pisoskoni.com\/?page_id=46358"},"modified":"2025-06-18T08:55:27","modified_gmt":"2025-06-18T08:55:27","slug":"drassanes-reformado-96","status":"publish","type":"page","link":"https:\/\/pisoskoni.com\/?page_id=46358","title":{"rendered":"DRASSANES &#8211; REFORMADO &#8211; 9613"},"content":{"rendered":"<p>Estudio situado justo metro de Drassanes, a 1 minuto de la Rambla.<\/p>\n<h3><strong>Estudio totalmente reformado de <\/strong><strong>35m<\/strong><strong>\u00b2 con balc\u00f3n exterior, c\u00e9ntrico, muy luminoso y tranquilo.<\/strong><\/h3>\n<p><strong>\u00a0<\/strong><\/p>\n<p><strong>SAL\u00d3N<\/strong> comedor con balc\u00f3n a calle.<\/p>\n<p><strong>COCINA<\/strong> americana totalmente equipada .<\/p>\n<p><strong>BA\u00d1O<\/strong> 4 piezas con ba\u00f1era.<\/p>\n<p><strong>BALC\u00d3N<\/strong> peque\u00f1o exterior.<\/p>\n<p>Armario grande empotrado en entrada.<\/p>\n<p><strong>\u00a0<\/strong><\/p>\n<h3><strong>EQUIPAMIENTO PISO <\/strong><\/h3>\n<p>Suelo de parquet.<\/p>\n<p>Totalmente amueblado.<\/p>\n<h3><strong>ELECTRODOM\u00c9STICOS<\/strong><\/h3>\n<p>Nevera, horno, lavadora, termo el\u00e9ctrico, campana extractora.<\/p>\n<h3><strong>EQUIPAMIENTO FINCA<\/strong><\/h3>\n<p>Ascensor.<\/p>\n<h3><strong>ORIENTACI\u00d3N <\/strong><strong>\u00a0<\/strong><\/h3>\n<p>SurOeste<\/p>\n<h3><strong>ESTADO GENERAL<\/strong><\/h3>\n<p>Excelente<\/p>\n<p>&nbsp;<\/p>\n<h3><strong>TRANSPORTES P\u00daBLICOS<\/strong><\/h3>\n<p>Metro L3 Drassanes \/ L2 y L3 Paral\u00b7lel<\/p>\n<p>Tren en Pl. Catalunya<\/p>\n<p>Autob\u00fas\u00a0 14 \/ 20 \/ 36 \/ 38 \/ 57 \/ 59 \/ 64 \/ 91 \/ N0 \/ N6 \/ N12 \/ N15 \/ N9<\/p>\n<p>Bicing<\/p>\n","protected":false},"excerpt":{"rendered":"<p>Estudio situado justo metro de Drassanes, a 1 minuto de la Rambla. Estudio totalmente reformado de 35m\u00b2 con balc\u00f3n exterior, c\u00e9ntrico, muy luminoso y tranquilo. \u00a0 SAL\u00d3N comedor con balc\u00f3n a calle. COCINA americana totalmente equipada . BA\u00d1O 4 piezas &hellip; <a href=\"https:\/\/pisoskoni.com\/?page_id=46358\">Sigue leyendo <span class=\"meta-nav\">&rarr;<\/span><\/a><\/p>\n","protected":false},"author":1,"featured_media":0,"parent":0,"menu_order":196,"comment_status":"open","ping_status":"closed","template":"","meta":[],"_links":{"self":[{"href":"https:\/\/pisoskoni.com\/index.php?rest_route=\/wp\/v2\/pages\/46358"}],"collection":[{"href":"https:\/\/pisoskoni.com\/index.php?rest_route=\/wp\/v2\/pages"}],"about":[{"href":"https:\/\/pisoskoni.com\/index.php?rest_route=\/wp\/v2\/types\/page"}],"author":[{"embeddable":true,"href":"https:\/\/pisoskoni.com\/index.php?rest_route=\/wp\/v2\/users\/1"}],"replies":[{"embeddable":true,"href":"https:\/\/pisoskoni.com\/index.php?rest_route=%2Fwp%2Fv2%2Fcomments&post=46358"}],"version-history":[{"count":30,"href":"https:\/\/pisoskoni.com\/index.php?rest_route=\/wp\/v2\/pages\/46358\/revisions"}],"predecessor-version":[{"id":51698,"href":"https:\/\/pisoskoni.com\/index.php?rest_route=\/wp\/v2\/pages\/46358\/revisions\/51698"}],"wp:attachment":[{"href":"https:\/\/pisoskoni.com\/index.php?rest_route=%2Fwp%2Fv2%2Fmedia&parent=46358"}],"curies":[{"name":"wp","href":"https:\/\/api.w.org\/{rel}","templated":true}]}}