{"id":52425,"date":"2026-04-27T11:25:19","date_gmt":"2026-04-27T11:25:19","guid":{"rendered":"https:\/\/pisoskoni.com\/?page_id=52425"},"modified":"2026-04-27T11:25:30","modified_gmt":"2026-04-27T11:25:30","slug":"joanic-48p","status":"publish","type":"page","link":"https:\/\/pisoskoni.com\/?page_id=52425","title":{"rendered":"JOANIC &#8211; 48P"},"content":{"rendered":"<p data-start=\"145\" data-end=\"267\"><strong data-start=\"145\" data-end=\"267\">Luminosa vivienda de 63 m\u00b2 junto a Pla\u00e7a Joanic, en una de las zonas m\u00e1s tranquilas y agradables del barrio de Gr\u00e0cia.<\/strong><\/p>\n<p data-start=\"269\" data-end=\"433\">Totalmente reformada y amueblada, lista para entrar a vivir. Dispone de aire acondicionado con bomba de calor, suelos de parquet y carpinter\u00eda de aluminio y madera.<\/p>\n<p data-start=\"435\" data-end=\"498\">Amplio y luminoso sal\u00f3n con cocina americana y salida a balc\u00f3n.<\/p>\n<p data-start=\"500\" data-end=\"596\">La vivienda cuenta con 2 habitaciones dobles, una de ellas tambi\u00e9n con salida directa al balc\u00f3n.<\/p>\n<p data-start=\"598\" data-end=\"647\">Cocina totalmente equipada con electrodom\u00e9sticos.<\/p>\n<p data-start=\"649\" data-end=\"682\">Ba\u00f1o completo con plato de ducha.<\/p>\n<p data-start=\"684\" data-end=\"771\">Finca sin ascensor en comunidad tranquila y familiar, con solo dos vecinos por rellano.<\/p>\n<p data-start=\"773\" data-end=\"833\">Orientaci\u00f3n a monta\u00f1a, con excelente estado de conservaci\u00f3n.<\/p>\n<p data-start=\"835\" data-end=\"903\"><strong data-start=\"835\" data-end=\"859\">Muy bien comunicada:<\/strong><br \/>\nMetro L4 Joanic y varias l\u00edneas de autob\u00fas.<\/p>\n","protected":false},"excerpt":{"rendered":"<p>Luminosa vivienda de 63 m\u00b2 junto a Pla\u00e7a Joanic, en una de las zonas m\u00e1s tranquilas y agradables del barrio de Gr\u00e0cia. Totalmente reformada y amueblada, lista para entrar a vivir. Dispone de aire acondicionado con bomba de calor, suelos &hellip; <a href=\"https:\/\/pisoskoni.com\/?page_id=52425\">Sigue leyendo <span class=\"meta-nav\">&rarr;<\/span><\/a><\/p>\n","protected":false},"author":1,"featured_media":0,"parent":0,"menu_order":20,"comment_status":"closed","ping_status":"closed","template":"","meta":[],"_links":{"self":[{"href":"https:\/\/pisoskoni.com\/index.php?rest_route=\/wp\/v2\/pages\/52425"}],"collection":[{"href":"https:\/\/pisoskoni.com\/index.php?rest_route=\/wp\/v2\/pages"}],"about":[{"href":"https:\/\/pisoskoni.com\/index.php?rest_route=\/wp\/v2\/types\/page"}],"author":[{"embeddable":true,"href":"https:\/\/pisoskoni.com\/index.php?rest_route=\/wp\/v2\/users\/1"}],"replies":[{"embeddable":true,"href":"https:\/\/pisoskoni.com\/index.php?rest_route=%2Fwp%2Fv2%2Fcomments&post=52425"}],"version-history":[{"count":1,"href":"https:\/\/pisoskoni.com\/index.php?rest_route=\/wp\/v2\/pages\/52425\/revisions"}],"predecessor-version":[{"id":52449,"href":"https:\/\/pisoskoni.com\/index.php?rest_route=\/wp\/v2\/pages\/52425\/revisions\/52449"}],"wp:attachment":[{"href":"https:\/\/pisoskoni.com\/index.php?rest_route=%2Fwp%2Fv2%2Fmedia&parent=52425"}],"curies":[{"name":"wp","href":"https:\/\/api.w.org\/{rel}","templated":true}]}}